{"id":2,"date":"2025-10-16T06:58:55","date_gmt":"2025-10-16T06:58:55","guid":{"rendered":"https:\/\/faraby.com.tr\/?page_id=2"},"modified":"2025-10-17T22:45:19","modified_gmt":"2025-10-17T22:45:19","slug":"sample-page","status":"publish","type":"page","link":"https:\/\/faraby.com.tr\/?page_id=2","title":{"rendered":"Hakk\u0131m\u0131zda"},"content":{"rendered":"\n<div class=\"wp-block-media-text is-stacked-on-mobile\"><figure class=\"wp-block-media-text__media\"><img loading=\"lazy\" decoding=\"async\" width=\"1920\" height=\"1440\" src=\"https:\/\/faraby.com.tr\/wp-content\/uploads\/2025\/10\/soldering-7897827_1920.jpg\" alt=\"\" class=\"wp-image-170 size-full\" srcset=\"https:\/\/faraby.com.tr\/wp-content\/uploads\/2025\/10\/soldering-7897827_1920.jpg 1920w, https:\/\/faraby.com.tr\/wp-content\/uploads\/2025\/10\/soldering-7897827_1920-300x225.jpg 300w, https:\/\/faraby.com.tr\/wp-content\/uploads\/2025\/10\/soldering-7897827_1920-1024x768.jpg 1024w, https:\/\/faraby.com.tr\/wp-content\/uploads\/2025\/10\/soldering-7897827_1920-768x576.jpg 768w, https:\/\/faraby.com.tr\/wp-content\/uploads\/2025\/10\/soldering-7897827_1920-1536x1152.jpg 1536w\" sizes=\"auto, (max-width: 1920px) 100vw, 1920px\" \/><\/figure><div class=\"wp-block-media-text__content\">\n<p><strong>Faraby Elektronik<\/strong> , elektrik ve&nbsp;elektronik&nbsp;alan\u0131nda g\u00fcvenilir, h\u0131zl\u0131 ve profesyonel hizmet sunmak amac\u0131yla kurulmu\u015ftur.<br>Y\u0131llar\u0131n teknik bilgi birikimiyle; ar\u0131za tespiti, bak\u0131m\u2013onar\u0131m, montaj ve sistem kurulumlar\u0131nda \u00e7\u00f6z\u00fcm odakl\u0131 yakla\u015f\u0131m\u0131m\u0131zla m\u00fc\u015fterilerimize destek veriyoruz.<\/p>\n\n\n\n<p>Her proje bizim i\u00e7in yeni bir sorumluluk, her m\u00fc\u015fteri memnuniyeti ise en b\u00fcy\u00fck referans\u0131m\u0131zd\u0131r.<br>Bireysel ve kurumsal m\u00fc\u015fterilerimize, modern teknolojileri ve yenilik\u00e7i y\u00f6ntemleri kullanarak kesintisiz enerji ve g\u00fcvenli sistem \u00e7\u00f6z\u00fcmleri sa\u011fl\u0131yoruz.<\/p>\n<\/div><\/div>\n\n\n\n<p><strong>\ud83d\udca1 Misyonumuz<\/strong><\/p>\n\n\n\n<p>Elektrik ve elektronik sistemlerde kaliteyi, g\u00fcveni ve teknik m\u00fckemmeliyeti \u00f6n planda tutarak m\u00fc\u015fterilerimize <strong>en verimli ve kal\u0131c\u0131 \u00e7\u00f6z\u00fcmleri<\/strong> sunmak.<\/p>\n\n\n\n<p><strong>\u2699\ufe0f Vizyonumuz<\/strong><\/p>\n\n\n\n<p>S\u00fcrekli geli\u015fen teknolojiye uyum sa\u011flayarak, b\u00f6lgemizde ve \u00fclke genelinde <strong>elektrik\u2013elektronik hizmetlerinde \u00f6nc\u00fc bir marka<\/strong> olmak.<\/p>\n\n\n\n<p><strong>\ud83e\udd1d De\u011ferlerimiz<\/strong><\/p>\n\n\n\n<ul class=\"wp-block-list\">\n<li>G\u00fcvenilirlik ve d\u00fcr\u00fcstl\u00fck<\/li>\n\n\n\n<li>H\u0131zl\u0131 ve kaliteli hizmet<\/li>\n\n\n\n<li>M\u00fc\u015fteri memnuniyeti odakl\u0131 \u00e7al\u0131\u015fma<\/li>\n\n\n\n<li>S\u00fcrekli geli\u015fim ve yenilik<\/li>\n<\/ul>\n\n\n\n<p><strong>Faraby ismi nas\u0131l do\u011fdu?<\/strong><\/p>\n\n\n\n<p>\u015eakadan Do\u011fan Ciddi Bir Marka: FARABY<\/p>\n\n\n\n<p>Her \u015fey bir g\u00fcn, d\u00f6rt arkada\u015f\u0131n sevdikleri Faruk Abileriyle yapt\u0131\u011f\u0131 keyifli bir sohbetle ba\u015flad\u0131.<\/p>\n\n\n\n<p>Ortam ne\u015feli, muhabbet derin\u2026 Derken i\u00e7imizden biri g\u00fclerek patlatt\u0131:<\/p>\n\n\n\n<p>\u201cFaruk Abi, sen bir firma kursana!\u201d<\/p>\n\n\n\n<p>Faruk Abi de hi\u00e7 bozmadan cevap verdi:<\/p>\n\n\n\n<p>\u201c\u0130yi de kurarsam, ad\u0131 ne olacak?\u201d<\/p>\n\n\n\n<p>Hep birlikte d\u00fc\u015f\u00fcnd\u00fck\u2026 Sonra birden espri patlad\u0131:<\/p>\n\n\n\n<p>\u201cFaruk + Abi = Farabi!\u201d<\/p>\n\n\n\n<p>O an kahkahalara bo\u011fulduk ama o isim i\u00e7imize bir \u015fekilde sindi. Zamanla bu espri, akl\u0131m\u0131z\u0131n bir k\u00f6\u015fesine yerle\u015fti.<\/p>\n\n\n\n<p>Unutmad\u0131k\u2026 Hatta unutmamay\u0131 se\u00e7tik.<\/p>\n\n\n\n<p>Ve bir g\u00fcn geldi, o \u015faka ciddiye bindi. \u0130\u015f ciddile\u015fti, fikir b\u00fcy\u00fcd\u00fc, hayal ger\u00e7e\u011fe d\u00f6n\u00fc\u015ft\u00fc.<\/p>\n\n\n\n<p>B\u00f6ylece FARABY do\u011fdu.<\/p>\n\n\n\n<p>Bug\u00fcn Faraby, sadece bir isim de\u011fil; dostluk, samimiyet ve yarat\u0131c\u0131l\u0131kla yo\u011frulmu\u015f bir markan\u0131n ad\u0131.<\/p>\n\n\n\n<p>K\u00f6kleri muhabbetten gelen, y\u00fcz\u00fc ise d\u00fcnyaya d\u00f6n\u00fck bir hayal.<\/p>\n\n\n\n<p>\u00c7\u00fcnk\u00fc bazen en g\u00fczel i\u015fler, en g\u00fczel kahkahalar\u0131n i\u00e7inden \u00e7\u0131kar.<\/p>\n\n\n\n<p><\/p>\n","protected":false},"excerpt":{"rendered":"<p>Faraby Elektronik , elektrik ve&nbsp;elektronik&nbsp;alan\u0131nda g\u00fcvenilir, h\u0131zl\u0131 ve profesyonel hizmet sunmak amac\u0131yla kurulmu\u015ftur.Y\u0131llar\u0131n teknik bilgi birikimiyle; ar\u0131za tespiti, bak\u0131m\u2013onar\u0131m, montaj [&hellip;]<\/p>\n","protected":false},"author":1,"featured_media":0,"parent":0,"menu_order":2,"comment_status":"closed","ping_status":"closed","template":"","meta":{"site-sidebar-layout":"default","site-content-layout":"","ast-site-content-layout":"default","site-content-style":"default","site-sidebar-style":"default","ast-global-header-display":"","ast-banner-title-visibility":"","ast-main-header-display":"","ast-hfb-above-header-display":"","ast-hfb-below-header-display":"","ast-hfb-mobile-header-display":"","site-post-title":"","ast-breadcrumbs-content":"","ast-featured-img":"","footer-sml-layout":"","theme-transparent-header-meta":"","adv-header-id-meta":"","stick-header-meta":"","header-above-stick-meta":"","header-main-stick-meta":"","header-below-stick-meta":"","astra-migrate-meta-layouts":"default","ast-page-background-enabled":"default","ast-page-background-meta":{"desktop":{"background-color":"var(--ast-global-color-5)","background-image":"","background-repeat":"repeat","background-position":"center center","background-size":"auto","background-attachment":"scroll","background-type":"","background-media":"","overlay-type":"","overlay-color":"","overlay-opacity":"","overlay-gradient":""},"tablet":{"background-color":"","background-image":"","background-repeat":"repeat","background-position":"center center","background-size":"auto","background-attachment":"scroll","background-type":"","background-media":"","overlay-type":"","overlay-color":"","overlay-opacity":"","overlay-gradient":""},"mobile":{"background-color":"","background-image":"","background-repeat":"repeat","background-position":"center center","background-size":"auto","background-attachment":"scroll","background-type":"","background-media":"","overlay-type":"","overlay-color":"","overlay-opacity":"","overlay-gradient":""}},"ast-content-background-meta":{"desktop":{"background-color":"var(--ast-global-color-4)","background-image":"","background-repeat":"repeat","background-position":"center center","background-size":"auto","background-attachment":"scroll","background-type":"","background-media":"","overlay-type":"","overlay-color":"","overlay-opacity":"","overlay-gradient":""},"tablet":{"background-color":"var(--ast-global-color-4)","background-image":"","background-repeat":"repeat","background-position":"center center","background-size":"auto","background-attachment":"scroll","background-type":"","background-media":"","overlay-type":"","overlay-color":"","overlay-opacity":"","overlay-gradient":""},"mobile":{"background-color":"var(--ast-global-color-4)","background-image":"","background-repeat":"repeat","background-position":"center center","background-size":"auto","background-attachment":"scroll","background-type":"","background-media":"","overlay-type":"","overlay-color":"","overlay-opacity":"","overlay-gradient":""}},"footnotes":""},"class_list":["post-2","page","type-page","status-publish","hentry"],"yoast_head":"<!-- This site is optimized with the Yoast SEO plugin v26.1.1 - https:\/\/yoast.com\/wordpress\/plugins\/seo\/ -->\n<title>Hakk\u0131m\u0131zda - Faraby<\/title>\n<meta name=\"robots\" content=\"index, follow, max-snippet:-1, max-image-preview:large, max-video-preview:-1\" \/>\n<link rel=\"canonical\" href=\"https:\/\/faraby.com.tr\/?page_id=2\" \/>\n<meta property=\"og:locale\" content=\"tr_TR\" \/>\n<meta property=\"og:type\" content=\"article\" \/>\n<meta property=\"og:title\" content=\"Hakk\u0131m\u0131zda - Faraby\" \/>\n<meta property=\"og:description\" content=\"Faraby Elektronik , elektrik ve&nbsp;elektronik&nbsp;alan\u0131nda g\u00fcvenilir, h\u0131zl\u0131 ve profesyonel hizmet sunmak amac\u0131yla kurulmu\u015ftur.Y\u0131llar\u0131n teknik bilgi birikimiyle; ar\u0131za tespiti, bak\u0131m\u2013onar\u0131m, montaj [&hellip;]\" \/>\n<meta property=\"og:url\" content=\"https:\/\/faraby.com.tr\/?page_id=2\" \/>\n<meta property=\"og:site_name\" content=\"Faraby\" \/>\n<meta property=\"article:modified_time\" content=\"2025-10-17T22:45:19+00:00\" \/>\n<meta property=\"og:image\" content=\"https:\/\/faraby.com.tr\/wp-content\/uploads\/2025\/10\/soldering-7897827_1920.jpg\" \/>\n\t<meta property=\"og:image:width\" content=\"1920\" \/>\n\t<meta property=\"og:image:height\" content=\"1440\" \/>\n\t<meta property=\"og:image:type\" content=\"image\/jpeg\" \/>\n<meta name=\"twitter:card\" content=\"summary_large_image\" \/>\n<meta name=\"twitter:label1\" content=\"Tahmini okuma s\u00fcresi\" \/>\n\t<meta name=\"twitter:data1\" content=\"2 dakika\" \/>\n<script type=\"application\/ld+json\" class=\"yoast-schema-graph\">{\"@context\":\"https:\/\/schema.org\",\"@graph\":[{\"@type\":\"WebPage\",\"@id\":\"https:\/\/faraby.com.tr\/?page_id=2\",\"url\":\"https:\/\/faraby.com.tr\/?page_id=2\",\"name\":\"Hakk\u0131m\u0131zda - Faraby\",\"isPartOf\":{\"@id\":\"https:\/\/faraby.com.tr\/#website\"},\"primaryImageOfPage\":{\"@id\":\"https:\/\/faraby.com.tr\/?page_id=2#primaryimage\"},\"image\":{\"@id\":\"https:\/\/faraby.com.tr\/?page_id=2#primaryimage\"},\"thumbnailUrl\":\"https:\/\/faraby.com.tr\/wp-content\/uploads\/2025\/10\/soldering-7897827_1920.jpg\",\"datePublished\":\"2025-10-16T06:58:55+00:00\",\"dateModified\":\"2025-10-17T22:45:19+00:00\",\"breadcrumb\":{\"@id\":\"https:\/\/faraby.com.tr\/?page_id=2#breadcrumb\"},\"inLanguage\":\"tr\",\"potentialAction\":[{\"@type\":\"ReadAction\",\"target\":[\"https:\/\/faraby.com.tr\/?page_id=2\"]}]},{\"@type\":\"ImageObject\",\"inLanguage\":\"tr\",\"@id\":\"https:\/\/faraby.com.tr\/?page_id=2#primaryimage\",\"url\":\"https:\/\/faraby.com.tr\/wp-content\/uploads\/2025\/10\/soldering-7897827_1920.jpg\",\"contentUrl\":\"https:\/\/faraby.com.tr\/wp-content\/uploads\/2025\/10\/soldering-7897827_1920.jpg\",\"width\":1920,\"height\":1440},{\"@type\":\"BreadcrumbList\",\"@id\":\"https:\/\/faraby.com.tr\/?page_id=2#breadcrumb\",\"itemListElement\":[{\"@type\":\"ListItem\",\"position\":1,\"name\":\"Anasayfa\",\"item\":\"https:\/\/faraby.com.tr\/\"},{\"@type\":\"ListItem\",\"position\":2,\"name\":\"Hakk\u0131m\u0131zda\"}]},{\"@type\":\"WebSite\",\"@id\":\"https:\/\/faraby.com.tr\/#website\",\"url\":\"https:\/\/faraby.com.tr\/\",\"name\":\"Faraby\",\"description\":\"G\u00fcvenilir Hizmet\",\"publisher\":{\"@id\":\"https:\/\/faraby.com.tr\/#organization\"},\"potentialAction\":[{\"@type\":\"SearchAction\",\"target\":{\"@type\":\"EntryPoint\",\"urlTemplate\":\"https:\/\/faraby.com.tr\/?s={search_term_string}\"},\"query-input\":{\"@type\":\"PropertyValueSpecification\",\"valueRequired\":true,\"valueName\":\"search_term_string\"}}],\"inLanguage\":\"tr\"},{\"@type\":\"Organization\",\"@id\":\"https:\/\/faraby.com.tr\/#organization\",\"name\":\"Faraby\",\"url\":\"https:\/\/faraby.com.tr\/\",\"logo\":{\"@type\":\"ImageObject\",\"inLanguage\":\"tr\",\"@id\":\"https:\/\/faraby.com.tr\/#\/schema\/logo\/image\/\",\"url\":\"https:\/\/faraby.com.tr\/wp-content\/uploads\/2025\/10\/cropped-WhatsApp-Image-2025-10-10-at-14.35.23.jpeg\",\"contentUrl\":\"https:\/\/faraby.com.tr\/wp-content\/uploads\/2025\/10\/cropped-WhatsApp-Image-2025-10-10-at-14.35.23.jpeg\",\"width\":1159,\"height\":512,\"caption\":\"Faraby\"},\"image\":{\"@id\":\"https:\/\/faraby.com.tr\/#\/schema\/logo\/image\/\"}}]}<\/script>\n<!-- \/ Yoast SEO plugin. -->","yoast_head_json":{"title":"Hakk\u0131m\u0131zda - Faraby","robots":{"index":"index","follow":"follow","max-snippet":"max-snippet:-1","max-image-preview":"max-image-preview:large","max-video-preview":"max-video-preview:-1"},"canonical":"https:\/\/faraby.com.tr\/?page_id=2","og_locale":"tr_TR","og_type":"article","og_title":"Hakk\u0131m\u0131zda - Faraby","og_description":"Faraby Elektronik , elektrik ve&nbsp;elektronik&nbsp;alan\u0131nda g\u00fcvenilir, h\u0131zl\u0131 ve profesyonel hizmet sunmak amac\u0131yla kurulmu\u015ftur.Y\u0131llar\u0131n teknik bilgi birikimiyle; ar\u0131za tespiti, bak\u0131m\u2013onar\u0131m, montaj [&hellip;]","og_url":"https:\/\/faraby.com.tr\/?page_id=2","og_site_name":"Faraby","article_modified_time":"2025-10-17T22:45:19+00:00","og_image":[{"width":1920,"height":1440,"url":"https:\/\/faraby.com.tr\/wp-content\/uploads\/2025\/10\/soldering-7897827_1920.jpg","type":"image\/jpeg"}],"twitter_card":"summary_large_image","twitter_misc":{"Tahmini okuma s\u00fcresi":"2 dakika"},"schema":{"@context":"https:\/\/schema.org","@graph":[{"@type":"WebPage","@id":"https:\/\/faraby.com.tr\/?page_id=2","url":"https:\/\/faraby.com.tr\/?page_id=2","name":"Hakk\u0131m\u0131zda - Faraby","isPartOf":{"@id":"https:\/\/faraby.com.tr\/#website"},"primaryImageOfPage":{"@id":"https:\/\/faraby.com.tr\/?page_id=2#primaryimage"},"image":{"@id":"https:\/\/faraby.com.tr\/?page_id=2#primaryimage"},"thumbnailUrl":"https:\/\/faraby.com.tr\/wp-content\/uploads\/2025\/10\/soldering-7897827_1920.jpg","datePublished":"2025-10-16T06:58:55+00:00","dateModified":"2025-10-17T22:45:19+00:00","breadcrumb":{"@id":"https:\/\/faraby.com.tr\/?page_id=2#breadcrumb"},"inLanguage":"tr","potentialAction":[{"@type":"ReadAction","target":["https:\/\/faraby.com.tr\/?page_id=2"]}]},{"@type":"ImageObject","inLanguage":"tr","@id":"https:\/\/faraby.com.tr\/?page_id=2#primaryimage","url":"https:\/\/faraby.com.tr\/wp-content\/uploads\/2025\/10\/soldering-7897827_1920.jpg","contentUrl":"https:\/\/faraby.com.tr\/wp-content\/uploads\/2025\/10\/soldering-7897827_1920.jpg","width":1920,"height":1440},{"@type":"BreadcrumbList","@id":"https:\/\/faraby.com.tr\/?page_id=2#breadcrumb","itemListElement":[{"@type":"ListItem","position":1,"name":"Anasayfa","item":"https:\/\/faraby.com.tr\/"},{"@type":"ListItem","position":2,"name":"Hakk\u0131m\u0131zda"}]},{"@type":"WebSite","@id":"https:\/\/faraby.com.tr\/#website","url":"https:\/\/faraby.com.tr\/","name":"Faraby","description":"G\u00fcvenilir Hizmet","publisher":{"@id":"https:\/\/faraby.com.tr\/#organization"},"potentialAction":[{"@type":"SearchAction","target":{"@type":"EntryPoint","urlTemplate":"https:\/\/faraby.com.tr\/?s={search_term_string}"},"query-input":{"@type":"PropertyValueSpecification","valueRequired":true,"valueName":"search_term_string"}}],"inLanguage":"tr"},{"@type":"Organization","@id":"https:\/\/faraby.com.tr\/#organization","name":"Faraby","url":"https:\/\/faraby.com.tr\/","logo":{"@type":"ImageObject","inLanguage":"tr","@id":"https:\/\/faraby.com.tr\/#\/schema\/logo\/image\/","url":"https:\/\/faraby.com.tr\/wp-content\/uploads\/2025\/10\/cropped-WhatsApp-Image-2025-10-10-at-14.35.23.jpeg","contentUrl":"https:\/\/faraby.com.tr\/wp-content\/uploads\/2025\/10\/cropped-WhatsApp-Image-2025-10-10-at-14.35.23.jpeg","width":1159,"height":512,"caption":"Faraby"},"image":{"@id":"https:\/\/faraby.com.tr\/#\/schema\/logo\/image\/"}}]}},"_links":{"self":[{"href":"https:\/\/faraby.com.tr\/index.php?rest_route=\/wp\/v2\/pages\/2","targetHints":{"allow":["GET"]}}],"collection":[{"href":"https:\/\/faraby.com.tr\/index.php?rest_route=\/wp\/v2\/pages"}],"about":[{"href":"https:\/\/faraby.com.tr\/index.php?rest_route=\/wp\/v2\/types\/page"}],"author":[{"embeddable":true,"href":"https:\/\/faraby.com.tr\/index.php?rest_route=\/wp\/v2\/users\/1"}],"replies":[{"embeddable":true,"href":"https:\/\/faraby.com.tr\/index.php?rest_route=%2Fwp%2Fv2%2Fcomments&post=2"}],"version-history":[{"count":6,"href":"https:\/\/faraby.com.tr\/index.php?rest_route=\/wp\/v2\/pages\/2\/revisions"}],"predecessor-version":[{"id":202,"href":"https:\/\/faraby.com.tr\/index.php?rest_route=\/wp\/v2\/pages\/2\/revisions\/202"}],"wp:attachment":[{"href":"https:\/\/faraby.com.tr\/index.php?rest_route=%2Fwp%2Fv2%2Fmedia&parent=2"}],"curies":[{"name":"wp","href":"https:\/\/api.w.org\/{rel}","templated":true}]}}