{"id":64,"date":"2025-10-17T09:08:42","date_gmt":"2025-10-17T09:08:42","guid":{"rendered":"https:\/\/faraby.com.tr\/?page_id=64"},"modified":"2025-10-20T21:39:24","modified_gmt":"2025-10-20T21:39:24","slug":"ana-sayfa","status":"publish","type":"page","link":"https:\/\/faraby.com.tr\/","title":{"rendered":"Anasayfa"},"content":{"rendered":"\n<div class=\"wp-block-columns alignwide is-layout-flex wp-container-core-columns-is-layout-28f84493 wp-block-columns-is-layout-flex\">\n<div class=\"wp-block-column is-layout-flow wp-block-column-is-layout-flow\" style=\"flex-basis:43%\">\n<figure class=\"wp-block-image alignleft is-resized\"><img loading=\"lazy\" decoding=\"async\" width=\"1024\" height=\"768\" src=\"https:\/\/faraby.com.tr\/wp-content\/uploads\/2025\/10\/ai-generated-8242696_1280-2-1024x768.jpg\" alt=\"\" class=\"wp-image-199\" style=\"width:448px;height:auto\" srcset=\"https:\/\/faraby.com.tr\/wp-content\/uploads\/2025\/10\/ai-generated-8242696_1280-2-1024x768.jpg 1024w, https:\/\/faraby.com.tr\/wp-content\/uploads\/2025\/10\/ai-generated-8242696_1280-2-300x225.jpg 300w, https:\/\/faraby.com.tr\/wp-content\/uploads\/2025\/10\/ai-generated-8242696_1280-2-768x576.jpg 768w, https:\/\/faraby.com.tr\/wp-content\/uploads\/2025\/10\/ai-generated-8242696_1280-2.jpg 1280w\" sizes=\"auto, (max-width: 1024px) 100vw, 1024px\" \/><\/figure>\n<\/div>\n\n\n\n<div class=\"wp-block-column is-layout-flow wp-block-column-is-layout-flow\" style=\"flex-basis:57%\">\n<p><strong>Faraby Elektronik<\/strong>, ar\u0131za tespiti, bak\u0131m\u2013onar\u0131m, montaj ve sistem kurulumu alanlar\u0131nda profesyonel \u00e7\u00f6z\u00fcmler sunar.Uzman teknik ekibimizle, her i\u015fte g\u00fcven, kalite ve h\u0131z ilkelerini \u00f6n planda tutuyoruz.<br>Ev, i\u015f yeri veya sanayi tesislerinde elektrik ve elektronik ihtiya\u00e7lar\u0131n\u0131z i\u00e7in yan\u0131n\u0131zday\u0131z.Faraby olarak hedefimiz, her m\u00fc\u015fterimize uzun \u00f6m\u00fcrl\u00fc, g\u00fcvenli ve modern sistemler sunmak.<br>Kaliteli hizmet, uygun fiyat ve m\u00fc\u015fteri memnuniyeti bizim i\u00e7in her \u015feyden \u00f6nemlidir.Enerjinizin kesilmemesi ve sistemlerinizin sorunsuz \u00e7al\u0131\u015fmas\u0131 i\u00e7in buraday\u0131z.<\/p>\n<\/div>\n<\/div>\n\n\n\n<div class=\"wp-block-group alignwide is-vertical is-layout-flex wp-container-core-group-is-layout-fe9cc265 wp-block-group-is-layout-flex\">\n<p><strong>\u201cEnerjinizi G\u00fcvene Al\u0131n\u201d<\/strong><\/p>\n\n\n\n<p><strong>\u201cProfesyonel Elektrik &amp; Elektronik \u00c7\u00f6z\u00fcmleri\u201d<\/strong><\/p>\n\n\n\n<p><strong>\u201cTeknolojiyi G\u00fcvenle Bulu<\/strong><strong>\u015f<\/strong><strong>turuyoruz\u201d<\/strong><\/p>\n\n\n\n<p><strong>\u201cFaraby ile G\u00fcvenli Enerji, Kaliteli Hizmet\u201d<\/strong><\/p>\n<\/div>\n","protected":false},"excerpt":{"rendered":"<p>Faraby Elektronik, ar\u0131za tespiti, bak\u0131m\u2013onar\u0131m, montaj ve sistem kurulumu alanlar\u0131nda profesyonel \u00e7\u00f6z\u00fcmler sunar.Uzman teknik ekibimizle, her i\u015fte g\u00fcven, kalite ve [&hellip;]<\/p>\n","protected":false},"author":1,"featured_media":0,"parent":0,"menu_order":0,"comment_status":"closed","ping_status":"closed","template":"","meta":{"site-sidebar-layout":"default","site-content-layout":"","ast-site-content-layout":"default","site-content-style":"default","site-sidebar-style":"default","ast-global-header-display":"","ast-banner-title-visibility":"","ast-main-header-display":"","ast-hfb-above-header-display":"","ast-hfb-below-header-display":"","ast-hfb-mobile-header-display":"","site-post-title":"","ast-breadcrumbs-content":"","ast-featured-img":"","footer-sml-layout":"","theme-transparent-header-meta":"","adv-header-id-meta":"","stick-header-meta":"","header-above-stick-meta":"","header-main-stick-meta":"","header-below-stick-meta":"","astra-migrate-meta-layouts":"default","ast-page-background-enabled":"default","ast-page-background-meta":{"desktop":{"background-color":"var(--ast-global-color-5)","background-image":"","background-repeat":"repeat","background-position":"center center","background-size":"auto","background-attachment":"scroll","background-type":"","background-media":"","overlay-type":"","overlay-color":"","overlay-opacity":"","overlay-gradient":""},"tablet":{"background-color":"","background-image":"","background-repeat":"repeat","background-position":"center center","background-size":"auto","background-attachment":"scroll","background-type":"","background-media":"","overlay-type":"","overlay-color":"","overlay-opacity":"","overlay-gradient":""},"mobile":{"background-color":"","background-image":"","background-repeat":"repeat","background-position":"center center","background-size":"auto","background-attachment":"scroll","background-type":"","background-media":"","overlay-type":"","overlay-color":"","overlay-opacity":"","overlay-gradient":""}},"ast-content-background-meta":{"desktop":{"background-color":"var(--ast-global-color-4)","background-image":"","background-repeat":"repeat","background-position":"center center","background-size":"auto","background-attachment":"scroll","background-type":"","background-media":"","overlay-type":"","overlay-color":"","overlay-opacity":"","overlay-gradient":""},"tablet":{"background-color":"var(--ast-global-color-4)","background-image":"","background-repeat":"repeat","background-position":"center center","background-size":"auto","background-attachment":"scroll","background-type":"","background-media":"","overlay-type":"","overlay-color":"","overlay-opacity":"","overlay-gradient":""},"mobile":{"background-color":"var(--ast-global-color-4)","background-image":"","background-repeat":"repeat","background-position":"center center","background-size":"auto","background-attachment":"scroll","background-type":"","background-media":"","overlay-type":"","overlay-color":"","overlay-opacity":"","overlay-gradient":""}},"footnotes":""},"class_list":["post-64","page","type-page","status-publish","hentry"],"yoast_head":"<!-- This site is optimized with the Yoast SEO plugin v26.1.1 - https:\/\/yoast.com\/wordpress\/plugins\/seo\/ -->\n<title>Anasayfa - Faraby<\/title>\n<meta name=\"robots\" content=\"index, follow, max-snippet:-1, max-image-preview:large, max-video-preview:-1\" \/>\n<link rel=\"canonical\" href=\"https:\/\/faraby.com.tr\/\" \/>\n<meta property=\"og:locale\" content=\"tr_TR\" \/>\n<meta property=\"og:type\" content=\"article\" \/>\n<meta property=\"og:title\" content=\"Anasayfa - Faraby\" \/>\n<meta property=\"og:description\" content=\"Faraby Elektronik, ar\u0131za tespiti, bak\u0131m\u2013onar\u0131m, montaj ve sistem kurulumu alanlar\u0131nda profesyonel \u00e7\u00f6z\u00fcmler sunar.Uzman teknik ekibimizle, her i\u015fte g\u00fcven, kalite ve [&hellip;]\" \/>\n<meta property=\"og:url\" content=\"https:\/\/faraby.com.tr\/\" \/>\n<meta property=\"og:site_name\" content=\"Faraby\" \/>\n<meta property=\"article:modified_time\" content=\"2025-10-20T21:39:24+00:00\" \/>\n<meta property=\"og:image\" content=\"https:\/\/faraby.com.tr\/wp-content\/uploads\/2025\/10\/ai-generated-8242696_1280-2.jpg\" \/>\n\t<meta property=\"og:image:width\" content=\"1280\" \/>\n\t<meta property=\"og:image:height\" content=\"960\" \/>\n\t<meta property=\"og:image:type\" content=\"image\/jpeg\" \/>\n<meta name=\"twitter:card\" content=\"summary_large_image\" \/>\n<meta name=\"twitter:label1\" content=\"Tahmini okuma s\u00fcresi\" \/>\n\t<meta name=\"twitter:data1\" content=\"1 dakika\" \/>\n<script type=\"application\/ld+json\" class=\"yoast-schema-graph\">{\"@context\":\"https:\/\/schema.org\",\"@graph\":[{\"@type\":\"WebPage\",\"@id\":\"https:\/\/faraby.com.tr\/\",\"url\":\"https:\/\/faraby.com.tr\/\",\"name\":\"Anasayfa - Faraby\",\"isPartOf\":{\"@id\":\"https:\/\/faraby.com.tr\/#website\"},\"primaryImageOfPage\":{\"@id\":\"https:\/\/faraby.com.tr\/#primaryimage\"},\"image\":{\"@id\":\"https:\/\/faraby.com.tr\/#primaryimage\"},\"thumbnailUrl\":\"https:\/\/faraby.com.tr\/wp-content\/uploads\/2025\/10\/ai-generated-8242696_1280-2-1024x768.jpg\",\"datePublished\":\"2025-10-17T09:08:42+00:00\",\"dateModified\":\"2025-10-20T21:39:24+00:00\",\"breadcrumb\":{\"@id\":\"https:\/\/faraby.com.tr\/#breadcrumb\"},\"inLanguage\":\"tr\",\"potentialAction\":[{\"@type\":\"ReadAction\",\"target\":[\"https:\/\/faraby.com.tr\/\"]}]},{\"@type\":\"ImageObject\",\"inLanguage\":\"tr\",\"@id\":\"https:\/\/faraby.com.tr\/#primaryimage\",\"url\":\"https:\/\/faraby.com.tr\/wp-content\/uploads\/2025\/10\/ai-generated-8242696_1280-2.jpg\",\"contentUrl\":\"https:\/\/faraby.com.tr\/wp-content\/uploads\/2025\/10\/ai-generated-8242696_1280-2.jpg\",\"width\":1280,\"height\":960},{\"@type\":\"BreadcrumbList\",\"@id\":\"https:\/\/faraby.com.tr\/#breadcrumb\",\"itemListElement\":[{\"@type\":\"ListItem\",\"position\":1,\"name\":\"Anasayfa\",\"item\":\"https:\/\/faraby.com.tr\/\"},{\"@type\":\"ListItem\",\"position\":2,\"name\":\"Anasayfa\"}]},{\"@type\":\"WebSite\",\"@id\":\"https:\/\/faraby.com.tr\/#website\",\"url\":\"https:\/\/faraby.com.tr\/\",\"name\":\"Faraby\",\"description\":\"G\u00fcvenilir Hizmet\",\"publisher\":{\"@id\":\"https:\/\/faraby.com.tr\/#organization\"},\"potentialAction\":[{\"@type\":\"SearchAction\",\"target\":{\"@type\":\"EntryPoint\",\"urlTemplate\":\"https:\/\/faraby.com.tr\/?s={search_term_string}\"},\"query-input\":{\"@type\":\"PropertyValueSpecification\",\"valueRequired\":true,\"valueName\":\"search_term_string\"}}],\"inLanguage\":\"tr\"},{\"@type\":\"Organization\",\"@id\":\"https:\/\/faraby.com.tr\/#organization\",\"name\":\"Faraby\",\"url\":\"https:\/\/faraby.com.tr\/\",\"logo\":{\"@type\":\"ImageObject\",\"inLanguage\":\"tr\",\"@id\":\"https:\/\/faraby.com.tr\/#\/schema\/logo\/image\/\",\"url\":\"https:\/\/faraby.com.tr\/wp-content\/uploads\/2025\/10\/cropped-WhatsApp-Image-2025-10-10-at-14.35.23.jpeg\",\"contentUrl\":\"https:\/\/faraby.com.tr\/wp-content\/uploads\/2025\/10\/cropped-WhatsApp-Image-2025-10-10-at-14.35.23.jpeg\",\"width\":1159,\"height\":512,\"caption\":\"Faraby\"},\"image\":{\"@id\":\"https:\/\/faraby.com.tr\/#\/schema\/logo\/image\/\"}}]}<\/script>\n<!-- \/ Yoast SEO plugin. -->","yoast_head_json":{"title":"Anasayfa - Faraby","robots":{"index":"index","follow":"follow","max-snippet":"max-snippet:-1","max-image-preview":"max-image-preview:large","max-video-preview":"max-video-preview:-1"},"canonical":"https:\/\/faraby.com.tr\/","og_locale":"tr_TR","og_type":"article","og_title":"Anasayfa - Faraby","og_description":"Faraby Elektronik, ar\u0131za tespiti, bak\u0131m\u2013onar\u0131m, montaj ve sistem kurulumu alanlar\u0131nda profesyonel \u00e7\u00f6z\u00fcmler sunar.Uzman teknik ekibimizle, her i\u015fte g\u00fcven, kalite ve [&hellip;]","og_url":"https:\/\/faraby.com.tr\/","og_site_name":"Faraby","article_modified_time":"2025-10-20T21:39:24+00:00","og_image":[{"width":1280,"height":960,"url":"https:\/\/faraby.com.tr\/wp-content\/uploads\/2025\/10\/ai-generated-8242696_1280-2.jpg","type":"image\/jpeg"}],"twitter_card":"summary_large_image","twitter_misc":{"Tahmini okuma s\u00fcresi":"1 dakika"},"schema":{"@context":"https:\/\/schema.org","@graph":[{"@type":"WebPage","@id":"https:\/\/faraby.com.tr\/","url":"https:\/\/faraby.com.tr\/","name":"Anasayfa - Faraby","isPartOf":{"@id":"https:\/\/faraby.com.tr\/#website"},"primaryImageOfPage":{"@id":"https:\/\/faraby.com.tr\/#primaryimage"},"image":{"@id":"https:\/\/faraby.com.tr\/#primaryimage"},"thumbnailUrl":"https:\/\/faraby.com.tr\/wp-content\/uploads\/2025\/10\/ai-generated-8242696_1280-2-1024x768.jpg","datePublished":"2025-10-17T09:08:42+00:00","dateModified":"2025-10-20T21:39:24+00:00","breadcrumb":{"@id":"https:\/\/faraby.com.tr\/#breadcrumb"},"inLanguage":"tr","potentialAction":[{"@type":"ReadAction","target":["https:\/\/faraby.com.tr\/"]}]},{"@type":"ImageObject","inLanguage":"tr","@id":"https:\/\/faraby.com.tr\/#primaryimage","url":"https:\/\/faraby.com.tr\/wp-content\/uploads\/2025\/10\/ai-generated-8242696_1280-2.jpg","contentUrl":"https:\/\/faraby.com.tr\/wp-content\/uploads\/2025\/10\/ai-generated-8242696_1280-2.jpg","width":1280,"height":960},{"@type":"BreadcrumbList","@id":"https:\/\/faraby.com.tr\/#breadcrumb","itemListElement":[{"@type":"ListItem","position":1,"name":"Anasayfa","item":"https:\/\/faraby.com.tr\/"},{"@type":"ListItem","position":2,"name":"Anasayfa"}]},{"@type":"WebSite","@id":"https:\/\/faraby.com.tr\/#website","url":"https:\/\/faraby.com.tr\/","name":"Faraby","description":"G\u00fcvenilir Hizmet","publisher":{"@id":"https:\/\/faraby.com.tr\/#organization"},"potentialAction":[{"@type":"SearchAction","target":{"@type":"EntryPoint","urlTemplate":"https:\/\/faraby.com.tr\/?s={search_term_string}"},"query-input":{"@type":"PropertyValueSpecification","valueRequired":true,"valueName":"search_term_string"}}],"inLanguage":"tr"},{"@type":"Organization","@id":"https:\/\/faraby.com.tr\/#organization","name":"Faraby","url":"https:\/\/faraby.com.tr\/","logo":{"@type":"ImageObject","inLanguage":"tr","@id":"https:\/\/faraby.com.tr\/#\/schema\/logo\/image\/","url":"https:\/\/faraby.com.tr\/wp-content\/uploads\/2025\/10\/cropped-WhatsApp-Image-2025-10-10-at-14.35.23.jpeg","contentUrl":"https:\/\/faraby.com.tr\/wp-content\/uploads\/2025\/10\/cropped-WhatsApp-Image-2025-10-10-at-14.35.23.jpeg","width":1159,"height":512,"caption":"Faraby"},"image":{"@id":"https:\/\/faraby.com.tr\/#\/schema\/logo\/image\/"}}]}},"_links":{"self":[{"href":"https:\/\/faraby.com.tr\/index.php?rest_route=\/wp\/v2\/pages\/64","targetHints":{"allow":["GET"]}}],"collection":[{"href":"https:\/\/faraby.com.tr\/index.php?rest_route=\/wp\/v2\/pages"}],"about":[{"href":"https:\/\/faraby.com.tr\/index.php?rest_route=\/wp\/v2\/types\/page"}],"author":[{"embeddable":true,"href":"https:\/\/faraby.com.tr\/index.php?rest_route=\/wp\/v2\/users\/1"}],"replies":[{"embeddable":true,"href":"https:\/\/faraby.com.tr\/index.php?rest_route=%2Fwp%2Fv2%2Fcomments&post=64"}],"version-history":[{"count":17,"href":"https:\/\/faraby.com.tr\/index.php?rest_route=\/wp\/v2\/pages\/64\/revisions"}],"predecessor-version":[{"id":225,"href":"https:\/\/faraby.com.tr\/index.php?rest_route=\/wp\/v2\/pages\/64\/revisions\/225"}],"wp:attachment":[{"href":"https:\/\/faraby.com.tr\/index.php?rest_route=%2Fwp%2Fv2%2Fmedia&parent=64"}],"curies":[{"name":"wp","href":"https:\/\/api.w.org\/{rel}","templated":true}]}}